{"id":2588,"date":"2025-03-18T10:42:25","date_gmt":"2025-03-18T10:42:25","guid":{"rendered":"https:\/\/enjoydriving.ro\/?page_id=2588"},"modified":"2025-05-22T10:46:24","modified_gmt":"2025-05-22T10:46:24","slug":"autorizatii","status":"publish","type":"page","link":"https:\/\/enjoydriving.ro\/en\/autorizatii\/","title":{"rendered":"Autoriza\u021bii"},"content":{"rendered":"<div data-elementor-type=\"wp-page\" data-elementor-id=\"2588\" class=\"elementor elementor-2588\" data-elementor-post-type=\"page\">\n\t\t\t\t<div class=\"elementor-element elementor-element-8fc3156 e-flex e-con-boxed wpr-particle-no wpr-jarallax-no wpr-parallax-no wpr-sticky-section-no e-con e-parent\" data-id=\"8fc3156\" data-element_type=\"container\" data-settings=\"{&quot;background_background&quot;:&quot;classic&quot;}\">\n\t\t\t\t\t<div class=\"e-con-inner\">\n\t\t\t\t<div class=\"elementor-element elementor-element-3ba265b elementor-widget elementor-widget-heading\" data-id=\"3ba265b\" data-element_type=\"widget\" data-widget_type=\"heading.default\">\n\t\t\t\t<div class=\"elementor-widget-container\">\n\t\t\t\t\t<h2 class=\"elementor-heading-title elementor-size-default\">Autoriza\u021bii<\/h2>\t\t\t\t<\/div>\n\t\t\t\t<\/div>\n\t\t\t\t\t<\/div>\n\t\t\t\t<\/div>\n\t\t<div class=\"elementor-element elementor-element-2f6ed36 e-flex e-con-boxed wpr-particle-no wpr-jarallax-no wpr-parallax-no wpr-sticky-section-no e-con e-parent\" data-id=\"2f6ed36\" data-element_type=\"container\">\n\t\t\t\t\t<div class=\"e-con-inner\">\n\t\t\t\t<div class=\"elementor-element elementor-element-4603d6a elementor-invisible elementor-widget elementor-widget-text-editor\" data-id=\"4603d6a\" data-element_type=\"widget\" data-settings=\"{&quot;_animation&quot;:&quot;fadeIn&quot;,&quot;_animation_delay&quot;:400}\" data-widget_type=\"text-editor.default\">\n\t\t\t\t<div class=\"elementor-widget-container\">\n\t\t\t\t\t\t\t\t\t<p>enjoydriving.ro \u2013 este denumirea platformei online ce apar\u0163ine \u201cEnjoy Driving SRL\u201d, cu sediul social \u00een Jud. Constan\u0163a, Loc. Olimp, Municipiul Mangalia, Strada Trandafirilor, Camera nr. 2, Bl. C2, Scara A, Etaj 2, Ap. 206, \u00eenregistrat\u0103 la Oficiul Registrului Comer\u021bului sub nr. J2024001727133, CUI 50149263.<\/p>\t\t\t\t\t\t\t\t<\/div>\n\t\t\t\t<\/div>\n\t\t\t\t\t<\/div>\n\t\t\t\t<\/div>\n\t\t<div class=\"elementor-element elementor-element-574d94d e-flex e-con-boxed wpr-particle-no wpr-jarallax-no wpr-parallax-no wpr-sticky-section-no e-con e-parent\" data-id=\"574d94d\" data-element_type=\"container\">\n\t\t\t\t\t<div class=\"e-con-inner\">\n\t\t<div class=\"elementor-element elementor-element-3f3ee8c e-con-full e-flex wpr-particle-no wpr-jarallax-no wpr-parallax-no wpr-sticky-section-no e-con e-child\" data-id=\"3f3ee8c\" data-element_type=\"container\">\n\t\t\t\t<div class=\"elementor-element elementor-element-7c3d79e elementor-widget elementor-widget-image\" data-id=\"7c3d79e\" data-element_type=\"widget\" data-widget_type=\"image.default\">\n\t\t\t\t<div class=\"elementor-widget-container\">\n\t\t\t\t\t\t\t\t\t\t\t\t\t\t\t<img fetchpriority=\"high\" decoding=\"async\" width=\"656\" height=\"933\" src=\"https:\/\/enjoydriving.ro\/wp-content\/uploads\/2025\/03\/Autorizatie-clasa-C.png\" class=\"attachment-large size-large wp-image-2590\" alt=\"\" srcset=\"https:\/\/enjoydriving.ro\/wp-content\/uploads\/2025\/03\/Autorizatie-clasa-C.png 656w, https:\/\/enjoydriving.ro\/wp-content\/uploads\/2025\/03\/Autorizatie-clasa-C-211x300.png 211w, https:\/\/enjoydriving.ro\/wp-content\/uploads\/2025\/03\/Autorizatie-clasa-C-8x12.png 8w, https:\/\/enjoydriving.ro\/wp-content\/uploads\/2025\/03\/Autorizatie-clasa-C-600x853.png 600w\" sizes=\"(max-width: 656px) 100vw, 656px\" \/>\t\t\t\t\t\t\t\t\t\t\t\t\t\t\t<\/div>\n\t\t\t\t<\/div>\n\t\t\t\t<\/div>\n\t\t<div class=\"elementor-element elementor-element-f336287 e-con-full e-flex wpr-particle-no wpr-jarallax-no wpr-parallax-no wpr-sticky-section-no e-con e-child\" data-id=\"f336287\" data-element_type=\"container\">\n\t\t\t\t<div class=\"elementor-element elementor-element-fac6bf3 elementor-widget elementor-widget-image\" data-id=\"fac6bf3\" data-element_type=\"widget\" data-widget_type=\"image.default\">\n\t\t\t\t<div class=\"elementor-widget-container\">\n\t\t\t\t\t\t\t\t\t\t\t\t\t\t\t<img decoding=\"async\" width=\"659\" height=\"931\" src=\"https:\/\/enjoydriving.ro\/wp-content\/uploads\/2025\/03\/Autorizatie-clasa-D.png\" class=\"attachment-large size-large wp-image-2591\" alt=\"\" srcset=\"https:\/\/enjoydriving.ro\/wp-content\/uploads\/2025\/03\/Autorizatie-clasa-D.png 659w, https:\/\/enjoydriving.ro\/wp-content\/uploads\/2025\/03\/Autorizatie-clasa-D-212x300.png 212w, https:\/\/enjoydriving.ro\/wp-content\/uploads\/2025\/03\/Autorizatie-clasa-D-8x12.png 8w, https:\/\/enjoydriving.ro\/wp-content\/uploads\/2025\/03\/Autorizatie-clasa-D-600x848.png 600w\" sizes=\"(max-width: 659px) 100vw, 659px\" \/>\t\t\t\t\t\t\t\t\t\t\t\t\t\t\t<\/div>\n\t\t\t\t<\/div>\n\t\t\t\t<\/div>\n\t\t<div class=\"elementor-element elementor-element-3b957f0 e-con-full e-flex wpr-particle-no wpr-jarallax-no wpr-parallax-no wpr-sticky-section-no e-con e-child\" data-id=\"3b957f0\" data-element_type=\"container\">\n\t\t\t\t<div class=\"elementor-element elementor-element-ab97198 elementor-widget elementor-widget-image\" data-id=\"ab97198\" data-element_type=\"widget\" data-widget_type=\"image.default\">\n\t\t\t\t<div class=\"elementor-widget-container\">\n\t\t\t\t\t\t\t\t\t\t\t\t\t\t\t<img decoding=\"async\" width=\"651\" height=\"934\" src=\"https:\/\/enjoydriving.ro\/wp-content\/uploads\/2025\/03\/Autorizatie-clasa-S.png\" class=\"attachment-large size-large wp-image-2592\" alt=\"\" srcset=\"https:\/\/enjoydriving.ro\/wp-content\/uploads\/2025\/03\/Autorizatie-clasa-S.png 651w, https:\/\/enjoydriving.ro\/wp-content\/uploads\/2025\/03\/Autorizatie-clasa-S-209x300.png 209w, https:\/\/enjoydriving.ro\/wp-content\/uploads\/2025\/03\/Autorizatie-clasa-S-8x12.png 8w, https:\/\/enjoydriving.ro\/wp-content\/uploads\/2025\/03\/Autorizatie-clasa-S-600x861.png 600w\" sizes=\"(max-width: 651px) 100vw, 651px\" \/>\t\t\t\t\t\t\t\t\t\t\t\t\t\t\t<\/div>\n\t\t\t\t<\/div>\n\t\t\t\t<\/div>\n\t\t\t\t\t<\/div>\n\t\t\t\t<\/div>\n\t\t\t\t<\/div>","protected":false},"excerpt":{"rendered":"<p>Autoriza\u021bii enjoydriving.ro \u2013 este denumirea platformei online ce apar\u0163ine \u201cEnjoy Driving SRL\u201d, cu sediul social \u00een Jud. Constan\u0163a, Loc. Olimp, Municipiul Mangalia, Strada Trandafirilor, Camera nr. 2, Bl. C2, Scara A, Etaj 2, Ap. 206, \u00eenregistrat\u0103 la Oficiul Registrului Comer\u021bului sub nr. J2024001727133, CUI 50149263.<\/p>","protected":false},"author":1,"featured_media":0,"parent":0,"menu_order":0,"comment_status":"closed","ping_status":"closed","template":"elementor_header_footer","meta":{"_eb_attr":"","footnotes":""},"class_list":["post-2588","page","type-page","status-publish","hentry"],"jetpack_sharing_enabled":true,"_links":{"self":[{"href":"https:\/\/enjoydriving.ro\/en\/wp-json\/wp\/v2\/pages\/2588","targetHints":{"allow":["GET"]}}],"collection":[{"href":"https:\/\/enjoydriving.ro\/en\/wp-json\/wp\/v2\/pages"}],"about":[{"href":"https:\/\/enjoydriving.ro\/en\/wp-json\/wp\/v2\/types\/page"}],"author":[{"embeddable":true,"href":"https:\/\/enjoydriving.ro\/en\/wp-json\/wp\/v2\/users\/1"}],"replies":[{"embeddable":true,"href":"https:\/\/enjoydriving.ro\/en\/wp-json\/wp\/v2\/comments?post=2588"}],"version-history":[{"count":0,"href":"https:\/\/enjoydriving.ro\/en\/wp-json\/wp\/v2\/pages\/2588\/revisions"}],"wp:attachment":[{"href":"https:\/\/enjoydriving.ro\/en\/wp-json\/wp\/v2\/media?parent=2588"}],"curies":[{"name":"wp","href":"https:\/\/api.w.org\/{rel}","templated":true}]}}