{"id":761,"date":"2025-01-22T09:10:39","date_gmt":"2025-01-22T09:10:39","guid":{"rendered":"https:\/\/enjoydriving.ro\/?page_id=761"},"modified":"2025-05-22T10:47:28","modified_gmt":"2025-05-22T10:47:28","slug":"termeni-si-conditii","status":"publish","type":"page","link":"https:\/\/enjoydriving.ro\/en\/termeni-si-conditii\/","title":{"rendered":"Terms and Conditions"},"content":{"rendered":"<div data-elementor-type=\"wp-page\" data-elementor-id=\"761\" class=\"elementor elementor-761\" data-elementor-post-type=\"page\">\n\t\t\t\t<div class=\"elementor-element elementor-element-8fc3156 e-flex e-con-boxed wpr-particle-no wpr-jarallax-no wpr-parallax-no wpr-sticky-section-no e-con e-parent\" data-id=\"8fc3156\" data-element_type=\"container\" data-settings=\"{&quot;background_background&quot;:&quot;classic&quot;}\">\n\t\t\t\t\t<div class=\"e-con-inner\">\n\t\t\t\t<div class=\"elementor-element elementor-element-3ba265b elementor-widget elementor-widget-heading\" data-id=\"3ba265b\" data-element_type=\"widget\" data-widget_type=\"heading.default\">\n\t\t\t\t<div class=\"elementor-widget-container\">\n\t\t\t\t\t<h2 class=\"elementor-heading-title elementor-size-default\">Terms and Conditions<\/h2>\t\t\t\t<\/div>\n\t\t\t\t<\/div>\n\t\t\t\t\t<\/div>\n\t\t\t\t<\/div>\n\t\t<div class=\"elementor-element elementor-element-93dd414 e-flex e-con-boxed wpr-particle-no wpr-jarallax-no wpr-parallax-no wpr-sticky-section-no e-con e-parent\" data-id=\"93dd414\" data-element_type=\"container\">\n\t\t\t\t\t<div class=\"e-con-inner\">\n\t\t\t\t<div class=\"elementor-element elementor-element-ce87e95 elementor-invisible elementor-widget elementor-widget-text-editor\" data-id=\"ce87e95\" data-element_type=\"widget\" data-settings=\"{&quot;_animation&quot;:&quot;fadeIn&quot;,&quot;_animation_delay&quot;:400}\" data-widget_type=\"text-editor.default\">\n\t\t\t\t<div class=\"elementor-widget-container\">\n\t\t\t\t\t\t\t\t\t<p>This Agreement represents the complete and sole agreement between us and you, replacing all other previous or current agreements, statements, guarantees, and understandings. To reflect any changes in the operation of the Site or any modifications to legal requirements, we may modify this Agreement at any time and as often as needed, without notifying you or sending any specific notification. The document is enforceable to the Members from the moment it is posted on the Site. In the case of such changes, we will post the modified version of the document on the Site, so please check this document periodically to stay informed of the latest changes and updates. The date of this agreement is updated at the end of this session.<\/p><p><strong>Definition of terms used<\/strong><br \/>enjoydriving.ro \u2013 este denumirea platformei online ce apar\u0163ine \u201cEnjoy Driving SRL\u201d, cu sediul social \u00een Jud. Constan\u0163a, Loc. Olimp, Municipiul Mangalia, Strada Trandafirilor, Camera nr. 2, Bl. C2, Scara A, Etaj 2, Ap. 206, \u00eenregistrat\u0103 la Oficiul Registrului Comer\u021bului sub nr. J2024001727133, CUI 50149263.<br \/>Agreement \u2013 understanding between two or more individuals or legal entities.<br \/>Consumer \u2013 any individual or legal entity registered on the Site, who, by navigating or purchasing services from enjoydriving.ro, agrees to the specific terms of the Site as outlined in the Terms and Conditions section.<br \/>Site \u2013 the online platform hosted at the web address enjoydriving.ro and its subdomains.<\/p><p><strong>Copyright<\/strong><br \/>The organization, content, design, graphics, and other materials associated with this Site are protected by applicable copyright laws and other proprietary laws, including, without limitation, intellectual property laws. Copying, reproducing, using, modifying, or publishing, in full or in part, any aspect or part of the Site without our prior written consent is strictly prohibited.<\/p><p><strong>Payment<\/strong><br \/>In the case of online payments, \u201cEnjoy Driving SRL\u201d is not\/shall not be held responsible for any additional costs incurred by the Consumer, including but not limited to commissions applied by the issuer's bank. The responsibility for this action lies solely with the Consumer.<br \/>\u201cEnjoy Driving SRL\u201d does not request confidential information, bank account\/card details, or personal passwords from its Members through any communication method (email\/phone\/SMS\/etc.). The Consumer assumes full responsibility for disclosing confidential data to third parties.<br \/>\u201cEnjoy Driving SRL\u201d disclaims any responsibility in cases where a Consumer is harmed in any way by a third party claiming to represent the interests of \u201cEnjoy Driving SRL.\u201d<\/p><p><strong>Service Provision<\/strong><br \/>The date and location of service provision are specified on the page for each product. Please verify this information before completing the order. If you require further clarification regarding access to purchased services, you can contact us at contact@enjoydriving.ro or by phone at 0738 744 169.<\/p><p><strong>Cancellation Policy<\/strong><br \/>The value of services purchased on enjoydriving.ro is non-refundable.<\/p><p><strong>Personal Data<\/strong><br \/>The collection and use of your personal information are done in accordance with Regulation 2016\/679, applicable in all European Union member countries, and are governed by the Privacy Policy, which is provided as a separate document and is available on the Site.<\/p><p><strong>Cookie Usage<\/strong><br \/>The cookie usage policy is provided as a separate document and is available on the Site.<br \/>This Policy is supplemented by the Personal Data Processing Policy regarding the protection of personal data.<\/p><p><strong>Deletion and Modification<\/strong><br \/>We reserve the right, at our sole discretion, to edit or delete any documents, information, or other content appearing on the Site, including this Agreement, without notifying you or having any obligation to you.<\/p><p><strong>Disputes<\/strong><br \/>By accessing the Site, the user agrees to the Terms and Conditions of use.<br \/>The Terms and Conditions for using the Site, users\u2019 rights and obligations, and any misunderstandings or disputes regarding the content or operation of the Site are governed by Romanian law.<\/p><p>In the case of any disputes between \u201cEnjoy Driving SRL\u201d and the users of the Site, an attempt will first be made to resolve them amicably within a minimum of 30 working days. If an amicable resolution is not possible, efforts will be made to find a solution without resorting to courts, using the online platform provided by the European Commission: https:\/\/webgate.ec.europa.eu\/odr\/main\/index.cfm?event=main.home.show&amp;lng=RO. If neither of the previous methods leads to a solution, the conflict will be resolved by the competent court in accordance with applicable Romanian laws.<\/p><p><strong>Contact<\/strong><br \/>For any questions, clarifications, observations, suggestions, or to report any issues related to the Site's operation, please contact us at any time at the email address contact@enjoydriving.ro.<\/p><p>Version: 22.01.2025<\/p>\t\t\t\t\t\t\t\t<\/div>\n\t\t\t\t<\/div>\n\t\t\t\t\t<\/div>\n\t\t\t\t<\/div>\n\t\t\t\t<\/div>","protected":false},"excerpt":{"rendered":"<p>Termeni \u0219i Condi\u021bii Prezentul Acord reprezint\u0103 acordul complet \u015fi unic dintre noi \u015fi dumneavoastr\u0103 \u015fi \u00eenlocuie\u015fte toate celelalte acorduri, declara\u0163ii, garan\u0163ii \u015fi \u00een\u0163elegeri anterioare sau actuale. Pentru a reflecta orice modific\u0103ri ale modului \u015fi condi\u0163iilor de func\u0163ionare a Site-ului sau orice modific\u0103ri ale cerin\u0163elor legale, este posibil s\u0103 modific\u0103m prezentul Acord \u00een orice moment \u015fi oric\u00e2t de des, f\u0103r\u0103 a v\u0103 informa sau a v\u0103 trimite vreo notificare specific\u0103. Documentul este opozabil Membrilor de la momentul afi\u015f\u0103rii \u00een Site. \u00cen cazul oric\u0103rei astfel de modific\u0103ri, vom afi\u015fa pe Site versiunea modificat\u0103 a documentului, motiv pentru care v\u0103 rug\u0103m s\u0103 verifica\u0163i periodic con\u0163inutul acestui document, pentru a fi la curent cu cele mai recente modific\u0103ri \u015fi actualiz\u0103ri. Data prezentului acord este actualizata la sf\u00e2r\u015fitul acestei sesiuni. Definirea no\u021biunilor utilizateenjoydriving.ro \u2013 este denumirea platformei online ce apar\u0163ine \u201cEnjoy Driving SRL\u201d, cu sediul social \u00een Jud. Constan\u0163a, Loc. Olimp, Municipiul Mangalia, Strada Trandafirilor, Camera nr. 2, Bl. C2, Scara A, Etaj 2, Ap. 206, \u00eenregistrat\u0103 la Oficiul Registrului Comer\u021bului sub nr. J2024001727133, CUI 50149263.Acord \u2013 \u00een\u0163elegere \u00eentre dou\u0103 sau mai multe persoane fizice sau juridice.Consumator \u2013 orice persoan\u0103 fizic\u0103 sau persoan\u0103 juridic\u0103 \u00eenregistrate pe Site, care, prin navigarea sau achizi\u021bionarea de servicii de pe enjoydriving.ro, \u015fi-a dat acordul cu privire la clauzele specifice Site-ului din sec\u0163iunea Termeni \u015fi Condi\u0163ii.Site \u2013 platfoma online g\u0103zduit\u0103 la adresa web enjoydriving.ro \u015fi subdomeniile acestuia. Drepturi de autorOrganizarea, con\u0163inutul, design-ul, grafica \u015fi celelalte materiale asociate acestui Site sunt protejate de drepturile de autor aplicabile \u015fi de alte legi proprietare, incluz\u00e2nd, f\u0103r\u0103 limitare, legile privind proprietatea intelectual\u0103. Copierea, reproducerea, utilizarea, modificarea sau publicarea, integral\u0103 sau par\u0163ial\u0103, a oric\u0103rui aspect sau a oric\u0103rei p\u0103r\u0163i a Site-ului, f\u0103r\u0103 acordul nostru prealabil \u00een scris, sunt strict interzise. Plat\u0103\u00cen cazul pl\u0103\u0163ilor online \u201cEnjoy Driving SRL\u201d nu este\/nu poate fi f\u0103cut responsabil pentru niciun alt cost suplimentar suportat de Consumator, incluz\u00e2nd dar nelimit\u00e2ndu-se la comisioane aplicate de c\u0103tre banca emitent\u0103 a cardului acestuia. Responsabilitatea pentru aceast\u0103 ac\u0163iune o poart\u0103 numai Consumatorul.\u201cEnjoy Driving SRL\u201d nu solicit\u0103 Membrilor s\u0103i prin niciun mijloc de comunicare (e-mail\/ telefonic\/ SMS\/ etc) informa\u0163ii referitoare la date confiden\u0163iale, conturi\/ carduri bancare sau parole personale. Consumatorul \u00ee\u015fi asum\u0103 \u00eentreaga responsabilitate pentru divulgarea unui ter\u0163 a datelor sale confiden\u0163iale.\u201cEnjoy Driving SRL\u201d declin\u0103 orice responsabilitate, \u00een situa\u0163ia \u00een care un Consumator ar fi\/ este prejudiciat sub orice form\u0103 de c\u0103tre un ter\u0163 care ar pretinde c\u0103 este\/ reprezint\u0103 interesele \u201cEnjoy Driving SRL\u201d. Prestarea serviciilorData \u0219i locul prest\u0103rii serviciilor sunt men\u021bionate \u00een pagina fiec\u0103rui produs. V\u0103 rug\u0103m s\u0103 verifica\u021bi aceste informa\u021bii \u00eenainte de finalizarea comenzii. \u00cen cazul \u00een care ave\u021bi nevoie de clarific\u0103ri suplimentare privind accesul la serviciile achizi\u021bionate, ne pute\u021bi contacta la adresa de mail contact@enjoydriving.ro sau telefonic la num\u0103rul 0738 744 169. Politica de anulareContracvaloarea serviciilor achizi\u021bionate pe site-ul enjoydriving.ro nu este rambursabil\u0103. Informa\u021bii cu caracter personalColectarea \u015fi utilizarea informa\u0163iilor dumneavoastr\u0103 cu caracter personal se face \u00een conformitate cu prevederile Regulamentului 2016\/679 aplicabil \u00een toate \u0163\u0103rile membre ale Uniunii Europene, fiind reglementate de Politica de Confiden\u0163ialitate, care este furnizat\u0103 ca \u015fi document separat \u015fi este disponibil\u0103 pe Site. Folosirea Cookie-urilorPolitica de utilizare a cookies este furnizat\u0103 ca \u015fi document separat \u015fi este disponibil\u0103 pe Site.Aceast\u0103 Politic\u0103 se completeaz\u0103 cu Politica de prelucrare a datelor cu caracter personal cu privire la protec\u0163ia datelor personale. \u0218tergere \u0219i ModificareNe rezerv\u0103m dreptul, la aprecierea noastr\u0103 exclusiv\u0103, s\u0103 edit\u0103m sau s\u0103 \u015ftergem orice documente, informa\u0163ii sau alte elemente de con\u0163inut care apar pe Site, inclusiv prezentul Acord, f\u0103r\u0103 a v\u0103 trimite vreo notificare sau a avea vreo obliga\u0163ie fa\u0163\u0103 de dumneavoastr\u0103. LitigiiOdat\u0103 cu accesarea Site-ului, utilizatorul accepta Termenii \u015fi Condi\u0163iile de utilizare a acestuia.Termenii \u015fi Condi\u0163iile de utilizare a Site-ului, drepturile \u015fi obliga\u0163iile utilizatorilor, precum \u015fi eventualele ne\u00een\u0163elegeri ori litigii care ar putea ap\u0103rea \u00een ceea ce prive\u015fte con\u0163inutul sau modul de func\u0163ionare a Site-ului sunt guvernate de legea roman\u0103. \u00cen cazul unor eventuale conflicte \u00eentre \u201cEnjoy Driving SRL\u201d \u015fi utilizatorii Site-ului, se va \u00eencerca mai \u00eent\u00e2i rezolvarea acestora pe cale amiabil\u0103 \u00een minim 30 de zile lucr\u0103toare. Dac\u0103 rezolvarea pe cale amiabil\u0103 nu va fi posibil\u0103, se va \u00eencerca g\u0103sirea unei solu\u0163ii f\u0103r\u0103 a se apela la instan\u021be, prin utilizarea platformei online https:\/\/webgate.ec.europa.eu\/odr\/main\/index.cfm?event=main.home.show&amp;lng=RO pus\u0103 la dispozi\u0163ie de c\u0103tre Comisia European\u0103. \u00cen cazul \u00een care nici una din c\u0103ile anterioare nu au condus la o o solu\u0163ie, conflictul va fi solu\u0163ionat \u00een instan\u0163a competent\u0103 \u00een conformitate cu legile rom\u00e2ne \u00een vigoare. ContactPentru orice neclarit\u0103\u0163i, nel\u0103muriri, observa\u0163ii \u015fi sugestii, precum \u015fi pentru sesizarea oric\u0103ror nereguli legate de func\u0163ionarea Site-ului, v\u0103 rug\u0103m s\u0103 ne contacta\u0163i oric\u00e2nd la adresa de e-mail contact@ enjoydriving.ro. Versiune: 22.01.2025<\/p>","protected":false},"author":1,"featured_media":0,"parent":0,"menu_order":0,"comment_status":"closed","ping_status":"closed","template":"elementor_header_footer","meta":{"_eb_attr":"","footnotes":""},"class_list":["post-761","page","type-page","status-publish","hentry"],"jetpack_sharing_enabled":true,"_links":{"self":[{"href":"https:\/\/enjoydriving.ro\/en\/wp-json\/wp\/v2\/pages\/761","targetHints":{"allow":["GET"]}}],"collection":[{"href":"https:\/\/enjoydriving.ro\/en\/wp-json\/wp\/v2\/pages"}],"about":[{"href":"https:\/\/enjoydriving.ro\/en\/wp-json\/wp\/v2\/types\/page"}],"author":[{"embeddable":true,"href":"https:\/\/enjoydriving.ro\/en\/wp-json\/wp\/v2\/users\/1"}],"replies":[{"embeddable":true,"href":"https:\/\/enjoydriving.ro\/en\/wp-json\/wp\/v2\/comments?post=761"}],"version-history":[{"count":0,"href":"https:\/\/enjoydriving.ro\/en\/wp-json\/wp\/v2\/pages\/761\/revisions"}],"wp:attachment":[{"href":"https:\/\/enjoydriving.ro\/en\/wp-json\/wp\/v2\/media?parent=761"}],"curies":[{"name":"wp","href":"https:\/\/api.w.org\/{rel}","templated":true}]}}