{"id":769,"date":"2025-01-22T09:52:19","date_gmt":"2025-01-22T09:52:19","guid":{"rendered":"https:\/\/enjoydriving.ro\/?page_id=769"},"modified":"2025-01-23T09:02:55","modified_gmt":"2025-01-23T09:02:55","slug":"politica-de-cookies","status":"publish","type":"page","link":"https:\/\/enjoydriving.ro\/en\/politica-de-cookies\/","title":{"rendered":"Cookie Policy"},"content":{"rendered":"<div data-elementor-type=\"wp-page\" data-elementor-id=\"769\" class=\"elementor elementor-769\" data-elementor-post-type=\"page\">\n\t\t\t\t<div class=\"elementor-element elementor-element-8fc3156 e-flex e-con-boxed wpr-particle-no wpr-jarallax-no wpr-parallax-no wpr-sticky-section-no e-con e-parent\" data-id=\"8fc3156\" data-element_type=\"container\" data-settings=\"{&quot;background_background&quot;:&quot;classic&quot;}\">\n\t\t\t\t\t<div class=\"e-con-inner\">\n\t\t\t\t<div class=\"elementor-element elementor-element-3ba265b elementor-widget elementor-widget-heading\" data-id=\"3ba265b\" data-element_type=\"widget\" data-widget_type=\"heading.default\">\n\t\t\t\t<div class=\"elementor-widget-container\">\n\t\t\t\t\t<h2 class=\"elementor-heading-title elementor-size-default\">Cookie Policy<\/h2>\t\t\t\t<\/div>\n\t\t\t\t<\/div>\n\t\t\t\t\t<\/div>\n\t\t\t\t<\/div>\n\t\t<div class=\"elementor-element elementor-element-93dd414 e-flex e-con-boxed wpr-particle-no wpr-jarallax-no wpr-parallax-no wpr-sticky-section-no e-con e-parent\" data-id=\"93dd414\" data-element_type=\"container\">\n\t\t\t\t\t<div class=\"e-con-inner\">\n\t\t\t\t<div class=\"elementor-element elementor-element-ce87e95 elementor-invisible elementor-widget elementor-widget-text-editor\" data-id=\"ce87e95\" data-element_type=\"widget\" data-settings=\"{&quot;_animation&quot;:&quot;fadeIn&quot;,&quot;_animation_delay&quot;:400}\" data-widget_type=\"text-editor.default\">\n\t\t\t\t<div class=\"elementor-widget-container\">\n\t\t\t\t\t\t\t\t\t<p>This policy applies to cookies and web pages located at enjoydriving.ro.<\/p><p>Our website uses cookies, which are small files containing an identifier consisting of a string of letters and numbers. These are sent by a web server to your browser, where they are stored. Subsequently, the identifier is sent back to the server whenever the browser requests a page.<\/p><p>There are two main types of cookies:<\/p><ol><li><strong>Persistent cookies:<\/strong>These remain stored in the browser until a specified expiration date unless manually deleted before that.<\/li><li><strong>Session cookies:<\/strong>These are temporary and are automatically deleted when the browser is closed, once the user session ends.<\/li><\/ol><p>Typically, cookies do not contain information that personally identifies you. However, the personal information we store may be linked to data obtained through cookies.<\/p><p><strong>How are cookies used on this site?<\/strong><\/p><p>A visit to this site may place the following types of cookies:<\/p><p>Performance cookies<\/p><p>Visitor analysis cookies<\/p><p>Registration cookies<\/p><p>Advertising cookies<\/p><p>Third-party advertising cookies<\/p><p>Examples of cookie benefits (that do not require user authentication via an account):<\/p><p>Content and services tailored to user preferences \u2013 product and service categories.<\/p><p>Offers adapted to user interests.<\/p><p>Remembering login details (username and password).<\/p><p>Retaining child protection filters for internet content (family mode options, safe search functions).<\/p><p>Limiting the frequency of ad display \u2013 reducing the number of times an ad appears for a specific user on a website.<\/p><p>Providing relevant advertisements for the user.<\/p><p>Measuring, optimizing, and analytics features \u2013 confirming traffic levels, identifying viewed content, and analyzing how users arrive at a website (e.g., through search engines, direct access, referrals).<\/p><p>Cookies that are not technically mandatory for user interaction with the website will only be used if the user gives explicit and unequivocal consent by selecting the presented categories.<\/p><p>The user can withdraw their consent at any time by modifying the browser settings. Details on changing browser settings can be found on browser developers\u2019 websites in the \"Settings\" section.<\/p><p><strong>What data do cookies contain?<\/strong><br \/>In most cases, cookies do not directly identify internet users but rather the device used to access web pages. These data are encrypted in a way that prevents unauthorized third-party access.<\/p><p><strong>Retention and deletion of cookies<\/strong><br \/>Generally, an application used to access web pages allows cookies to be saved by default. These settings can be modified by the user so that automatic cookie storage is blocked by the web browser or so that the user is informed each time cookies are sent to their device.<\/p><p><strong>Cookie Policy Updates<\/strong><br \/>enjoydriving.ro may update this cookie policy to reflect changes in the types of cookies used for operational, legal, or regulatory purposes. Please read the cookie policy regularly to ensure you are properly informed about how we use cookies. We may notify you of changes to this policy via email or private messaging on our website. The date of this policy is updated at the end of this session.<\/p><p><strong>Useful Links<\/strong><br \/>If you would like to learn more about cookies and their use, we recommend the following links:<\/p><p>Microsoft Cookies Guide:<br \/>https:\/\/support.microsoft.com\/en-us\/topic\/description-of-cookies-ad01aa7e-66c9-8ab2-7898-6652c100999d<\/p><p>All About Cookies:<br \/>https:\/\/www.allaboutcookies.org\/<\/p><p>http:\/\/www.youronlinechoices.com<\/p><p>Version: 22.01.2025<\/p>\t\t\t\t\t\t\t\t<\/div>\n\t\t\t\t<\/div>\n\t\t\t\t\t<\/div>\n\t\t\t\t<\/div>\n\t\t\t\t<\/div>","protected":false},"excerpt":{"rendered":"<p>Politica de Cookies Aceast\u0103 politic\u0103 se refer\u0103 la cookies \u015fi paginile web aflate la adresa\u00a0enjoydriving.ro Website-ul nostru folose\u0219te cookie-uri, mici fi\u0219iere care con\u021bin un identificator format dintr-un \u0219ir de litere \u0219i cifre. Acestea sunt trimise de un server web c\u0103tre browserul dumneavoastr\u0103, unde sunt stocate. Ulterior, identificatorul este retransmis serverului ori de c\u00e2te ori browserul solicit\u0103 o pagin\u0103. Exist\u0103 dou\u0103 tipuri principale de cookie-uri: Cookie-uri persistente: Acestea r\u0103m\u00e2n stocate \u00een browser p\u00e2n\u0103 la o dat\u0103 de expirare specificat\u0103, cu excep\u021bia cazului \u00een care sunt \u0219terse manual \u00eenainte. Cookie-uri de sesiune: Acestea sunt temporare \u0219i se \u0219terg automat la \u00eenchiderea browserului, odat\u0103 ce sesiunea utilizatorului se \u00eencheie. De obicei, cookie-urile nu con\u021bin informa\u021bii care s\u0103 v\u0103 identifice personal. Totu\u0219i, informa\u021biile personale pe care le stoc\u0103m pot fi asociate cu datele ob\u021binute prin intermediul cookie-urilor. Cum sunt folosite Cookies de c\u0103tre acest site? O vizit\u0103 pe acest site poate plasa urm\u0103toarele tipuri de cookies: Cookies de performan\u0163\u0103 a site-ului; Cookies de analiz\u0103 a vizitatorilor; Cookies de \u00eenregistrare; Cookies pentru publicitate; Cookies ale furnizorilor de publicitate. Exemple privind utilitatea cookies (care nu necesit\u0103 autentificarea unui utilizator prin intermediul unui cont): Con\u0163inut \u015fi servicii adaptate preferin\u0163elor utilizatorului \u2013 categorii de produse \u015fi servicii; Oferte adaptate intereselor utilizatorilor; Re\u0163inerea detaliilor de autentificare (utilizator \u015fi parol\u0103); Re\u0163inerea filtrelor de protec\u0163ie a copiilor privind con\u0163inutul pe Internet (op\u0163iuni family mode, func\u0163ii safe search); Limitarea frecven\u0163ei de difuzare a reclamelor \u2013 limitarea num\u0103rului de afi\u015f\u0103ri a unei reclame pentru un anumit utilizator pe un site; Furnizarea de publicitate relevant\u0103 pentru utilizator; M\u0103surarea, optimizarea \u015fi caracteristicile de analitice \u2013 cum ar fi confirmarea unui anumit nivel de trafic pe un website, ce tip de con\u0163inut este vizualizat \u015fi modul cum un utilizator ajunge pe un website (ex.: prin motoare de c\u0103utare, direct, din alte website-uri etc). Website-urile deruleaz\u0103 aceast\u0103 analiz\u0103 a utiliz\u0103rii lor pentru a \u00eembun\u0103t\u0103\u0163i con\u0163inutul acestora \u00een beneficiul utilizatorului. Cookies care, din punct de vedere tehnic, nu sunt obligatorii a fi stocate pe terminalul utilizatorului, vor fi folosite doar dac\u0103 utilizatorul \u00ee\u015fi exprim\u0103 consim\u0163\u0103m\u00e2ntul expres \u015fi neechivoc \u00een leg\u0103tur\u0103 cu acestea, prin bifarea categoriilor prezentate. Utilizatorul \u00ee\u015fi poate retrage consim\u0163\u0103m\u00e2ntul \u00een orice moment prin modificarea set\u0103rilor aferente browser-ului utilizat. Detalii privind modificarea set\u0103rilor browserelor pute\u0163i g\u0103si pe website-urile dezvoltatorilor browserelor, \u00een Sec\u0163iunea \u201dSet\u0103ri\u201d. Ce date con\u021bin Cookies?\u00cen cele mai multe cazuri, cookies nu identific\u0103 \u00een mod direct utilizatorii de Internet, ci terminalul de pe care ace\u015ftia au accesat anumite pagini web. Aceste date sunt criptate \u00eentr-un mod care nu permite accesul neautorizat al ter\u0163ilor. Reten\u021bia \u0219i \u0219tergerea Cookies\u00cen general, o aplica\u0163ie folosit\u0103 pentru accesarea paginilor web permite salvarea cookies pe terminalul utilizatorului \u00een mod implicit. Aceste set\u0103ri pot fi modificate de c\u0103tre utilizator astfel \u00eenc\u00e2t administrarea automat\u0103 a cookies s\u0103 fie blocat\u0103 de browser-ul web sau utilizatorul s\u0103 fie informat de fiecare dat\u0103 c\u00e2nd cookies sunt trimise c\u0103tre terminalul s\u0103u. Actualiz\u0103ri ale politicii de Cookiesenjoydriving.ro poate actualiza prezent\u0103 politica de cookies pentru a reflecta schimb\u0103ri ale diverselor cookies folosite \u00een scop opera\u0163ional, juridic sau de reglementare. V\u0103 rug\u0103m s\u0103 citi\u0163i regulat politica de cookies pentru a v\u0103 asigura c\u0103 sunte\u0163i informat corespunz\u0103tor cu privire la modul \u00een care utiliz\u0103m cookies. V\u0103 putem anun\u0163a despre modific\u0103rile aduse acestei politici prin e-mail sau prin sistemul de mesagerie privat\u0103 de pe website-ul nostru. Data prezentei politici este actualizat\u0103 la sf\u00e2r\u015fitul acestei sesiuni. Linkuri utileDac\u0103 dori\u0163i s\u0103 afla\u0163i mai multe infroma\u021bii despre cookies \u015fi la ce sunt utilizate, recomand\u0103m urm\u0103toarele linkuri: Microsoft Cookies guidehttps:\/\/support.microsoft.com\/en-us\/topic\/description-of-cookies-ad01aa7e-66c9-8ab2-7898-6652c100999d All About Cookieshttps:\/\/www.allaboutcookies.org\/ http:\/\/www.youronlinechoices.com Versiune: 22.01.2025<\/p>","protected":false},"author":1,"featured_media":0,"parent":0,"menu_order":0,"comment_status":"closed","ping_status":"closed","template":"elementor_header_footer","meta":{"_eb_attr":"","footnotes":""},"class_list":["post-769","page","type-page","status-publish","hentry"],"jetpack_sharing_enabled":true,"_links":{"self":[{"href":"https:\/\/enjoydriving.ro\/en\/wp-json\/wp\/v2\/pages\/769","targetHints":{"allow":["GET"]}}],"collection":[{"href":"https:\/\/enjoydriving.ro\/en\/wp-json\/wp\/v2\/pages"}],"about":[{"href":"https:\/\/enjoydriving.ro\/en\/wp-json\/wp\/v2\/types\/page"}],"author":[{"embeddable":true,"href":"https:\/\/enjoydriving.ro\/en\/wp-json\/wp\/v2\/users\/1"}],"replies":[{"embeddable":true,"href":"https:\/\/enjoydriving.ro\/en\/wp-json\/wp\/v2\/comments?post=769"}],"version-history":[{"count":0,"href":"https:\/\/enjoydriving.ro\/en\/wp-json\/wp\/v2\/pages\/769\/revisions"}],"wp:attachment":[{"href":"https:\/\/enjoydriving.ro\/en\/wp-json\/wp\/v2\/media?parent=769"}],"curies":[{"name":"wp","href":"https:\/\/api.w.org\/{rel}","templated":true}]}}