{"id":778,"date":"2025-01-22T09:57:15","date_gmt":"2025-01-22T09:57:15","guid":{"rendered":"https:\/\/enjoydriving.ro\/?page_id=778"},"modified":"2025-01-23T09:02:42","modified_gmt":"2025-01-23T09:02:42","slug":"politica-de-confidentialitate","status":"publish","type":"page","link":"https:\/\/enjoydriving.ro\/en\/politica-de-confidentialitate\/","title":{"rendered":"Privacy Policy"},"content":{"rendered":"<div data-elementor-type=\"wp-page\" data-elementor-id=\"778\" class=\"elementor elementor-778\" data-elementor-post-type=\"page\">\n\t\t\t\t<div class=\"elementor-element elementor-element-8fc3156 e-flex e-con-boxed wpr-particle-no wpr-jarallax-no wpr-parallax-no wpr-sticky-section-no e-con e-parent\" data-id=\"8fc3156\" data-element_type=\"container\" data-settings=\"{&quot;background_background&quot;:&quot;classic&quot;}\">\n\t\t\t\t\t<div class=\"e-con-inner\">\n\t\t\t\t<div class=\"elementor-element elementor-element-3ba265b elementor-widget elementor-widget-heading\" data-id=\"3ba265b\" data-element_type=\"widget\" data-widget_type=\"heading.default\">\n\t\t\t\t<div class=\"elementor-widget-container\">\n\t\t\t\t\t<h2 class=\"elementor-heading-title elementor-size-default\">Privacy Policy<\/h2>\t\t\t\t<\/div>\n\t\t\t\t<\/div>\n\t\t\t\t\t<\/div>\n\t\t\t\t<\/div>\n\t\t<div class=\"elementor-element elementor-element-93dd414 e-flex e-con-boxed wpr-particle-no wpr-jarallax-no wpr-parallax-no wpr-sticky-section-no e-con e-parent\" data-id=\"93dd414\" data-element_type=\"container\">\n\t\t\t\t\t<div class=\"e-con-inner\">\n\t\t\t\t<div class=\"elementor-element elementor-element-ce87e95 elementor-invisible elementor-widget elementor-widget-text-editor\" data-id=\"ce87e95\" data-element_type=\"widget\" data-settings=\"{&quot;_animation&quot;:&quot;fadeIn&quot;,&quot;_animation_delay&quot;:400}\" data-widget_type=\"text-editor.default\">\n\t\t\t\t<div class=\"elementor-widget-container\">\n\t\t\t\t\t\t\t\t\t<p><strong>Introduction<\/strong><br \/>The privacy of our website visitors is very important to us, and we are committed to protecting it. This policy explains how we handle your personal information.<\/p><p><strong>Collection of Personal Information<\/strong><br \/>We may collect, store, and use the following types of personal information:<br \/>1. Information about your computer, including IP address, geographic location, browser type and version, and operating system.<br \/>2. Information about your visits and use of this website, including referral source, visit duration, page views, and website navigation paths.<br \/>3. Information such as your email address, which you enter when registering on our website.<br \/>4. Information you enter when creating a profile on our website \u2013 such as your name, profile pictures, gender, date of birth, marital status, interests and hobbies, educational details, and occupational details.<br \/>5. Information such as your name and email address, which you enter to set up email subscriptions and\/or newsletters.<br \/>6. Information you enter while using services on our website.<br \/>7. Information that is generated while using our website, including when, how often, and under what circumstances you use it.<br \/>8. Information relating to any purchases, services used, or transactions made through our website, which may include your name, address, phone number, email address, and credit card details.<br \/>9. Information you post on our website with the intent to publish it online, which may include your username, profile pictures, and content of your posts.<br \/>10. Information contained in any communications you send to us via email or our website, including the communication content and metadata.<br \/>11. Any other personal information you send to us.<\/p><p>Before disclosing personal information about another person, you must obtain that person\u2019s consent for both the disclosure and processing of their personal data in accordance with this policy.<\/p><p><strong>Use of Your Personal Information<\/strong><br \/>Personal information submitted through our website will be used for the purposes specified in this policy or on the relevant pages of the website. We may use your personal information to:<br \/>1. Administer our website and business.<br \/>2. Personalize our website for you.<br \/>3. Authorize your use of services available on our website.<br \/>4. Send you goods purchased through our website.<br \/>5. Supply services purchased through our website.<br \/>6. Send you reports, invoices, and payment notifications and collect payments from you.<br \/>7. Send you commercial communications for informational purposes.<br \/>8. Send you email notifications that you have specifically requested.<br \/>9. Send you our newsletter by email if you have requested it (you can inform us at any time if you no longer wish to receive it).<br \/>10. Send you marketing communications related to our business or carefully selected third-party companies that we think may interest you, by mail or (where you have specifically agreed) by email or similar technology (you can inform us at any time if you no longer wish to receive marketing communications).<br \/>11. Provide third parties with statistical information about our users (these third parties will not be able to identify any user from this information).<br \/>12. Handle inquiries and complaints made by or about you related to our website.<br \/>13. Keep our website secure and prevent fraud.<br \/>14. Verify compliance with the terms and conditions governing the use of our website (including monitoring private messages sent through our private messaging service).<br \/>Other uses.<\/p><p>If you submit personal information for publication on our website, we will publish and use that information according to the permission you grant us.<br \/>Privacy settings can be used to limit the publication of your information on our website and may be adjusted using the website\u2019s privacy controls.<br \/>Without your explicit consent, we will not provide your personal information to third parties for their direct marketing or any other third-party marketing.<\/p><p><strong>Disclosure of Personal Information<\/strong><br \/>We may disclose your personal information to any of our employees, officers, insurers, professional advisers, agents, suppliers, or subcontractors as reasonably necessary for the purposes outlined in this policy.<br \/>We may disclose your personal information to any member of our corporate group (including subsidiaries, our parent company, and its subsidiaries) as reasonably necessary for the purposes set out in this policy<\/p><p>We may disclose your personal information:<br \/>1. To the extent required by law.<br \/>2. In connection with any ongoing or prospective legal proceedings.<br \/>3. To establish, exercise, or defend our legal rights (including providing information to third parties for fraud prevention and credit risk reduction).<br \/>4. To the purchaser (or prospective purchaser) of any business or asset we sell (or plan to sell).<br \/>5. To any person we reasonably believe may request a court or other competent authority to disclose the personal information where, in our reasonable opinion, such court or authority would be likely to order disclosure.<\/p><p>Except as provided in this policy, we will not provide your personal information to third parties.<\/p><p><strong>International Data Transfers<\/strong><br \/>1. Information we collect may be stored, processed, and transferred between any of the countries in which we operate to enable us to use the information in accordance with this policy.<br \/>2. Information collected may be transferred to the following countries that do not have data protection laws equivalent to those in the European Economic Area: the United States, Russia, Japan, China, and India.<br \/>3. Personal information you publish on our website or submit for publication may be available online worldwide. We cannot prevent the use or misuse of such information by others.<br \/>4. You expressly agree to the transfers of personal information described in this section.<\/p><p><strong>Retention of Personal Information<\/strong><br \/>This section sets out our policies and procedures for data retention, designed to ensure compliance with our legal obligations regarding the storage and deletion of personal information.<br \/>1. Personal information that we process for any purpose or purposes will not be retained for longer than necessary for that purpose or purposes.<br \/>2. Notwithstanding the other provisions of this section, we will retain documents (including electronic documents) containing personal data:<br \/>a. To the extent required by law.<br \/>b. If we believe that the documents may be relevant to any ongoing or future legal proceedings.<br \/>c. To establish, exercise, or defend our legal rights (including providing information to third parties for fraud prevention and credit risk reduction).<\/p><p><strong>Security of Your Personal Information<\/strong><br \/>1. We will take reasonable technical and organizational precautions to prevent the loss, misuse, or alteration of your personal information.<br \/>2. All personal information you provide will be stored on our secure servers (password-protected and firewall-protected).<br \/>3. All electronic financial transactions entered into through our website will be protected by encryption technology.<br \/>4. You acknowledge that data transmission over the internet is inherently insecure, and we cannot guarantee the security of data sent over the internet.<br \/>5. You are responsible for keeping your password for accessing our website confidential; we will never ask for your password (except when logging into our website).<\/p><p><strong>Modifications<\/strong><br \/>We may update this policy from time to time by publishing a new version on our website. You should check this page occasionally to ensure you understand any changes to this policy. We may notify you of changes to this policy via email or private messaging on our website.<\/p><p><strong>Your Rights<\/strong><br \/>You may request that we provide you with any personal information we hold about you, subject to the following conditions:<br \/>1. No fee is required (FREE).<br \/>2. Providing sufficient proof of identity.<br \/>We may withhold personal information you request to the extent permitted by law.<br \/>You may request at any time that we do not process your personal information for marketing purposes.<br \/>In practice, you will typically either give explicit prior consent for the use of your personal information for marketing purposes or we will provide you with the opportunity to opt out of marketing communications.<\/p><p><strong>Third-Party Websites<\/strong><br \/>Our website includes hyperlinks to and details about third-party websites. We have no control over and are not responsible for the privacy policies and practices of third parties.<\/p><p><strong>Updating Information<\/strong><br \/>Please inform us if the personal information we hold about you needs to be corrected or updated.<\/p><p><strong>Credit<\/strong><br \/>This document was created using a template from SEQ Legal (seqlegal.com) and modified by Website Planet (www.websiteplanet.com).<\/p><p>Version: 22.01.2025<\/p>\t\t\t\t\t\t\t\t<\/div>\n\t\t\t\t<\/div>\n\t\t\t\t\t<\/div>\n\t\t\t\t<\/div>\n\t\t\t\t<\/div>","protected":false},"excerpt":{"rendered":"<p>Politica de Confiden\u021bialitate IntroducereConfiden\u021bialitatea vizitatorilor website-ului nostru este foarte important\u0103 pentru noi \u0219i ne lu\u0103m angajamentul s\u0103 o protej\u0103m. Aceast\u0103 politic\u0103 explic\u0103 ce vom face cu informa\u021biile dumneavoastr\u0103 personale. Colectarea informa\u021biilor personalePot fi colectate, stocate \u0219i utilizate urm\u0103toarele tipuri de informa\u021bii personale:1. informa\u021bii despre computer, inclusiv adresa IP, loca\u021bia geografic\u0103, tipul \u0219i versiunea browser-ului \u0219i despre sistemul de operare;2. informa\u021bii despre vizitele \u0219i utilizarea acestui website, inclusiv sursa de recomandare, durata vizitei, vizualiz\u0103rile paginii \u0219i c\u0103ile de navigare pe website;3. informa\u021bii precum adresa dvs. de e-mail, pe care le introduce\u021bi atunci c\u00e2nd v\u0103 \u00eenregistra\u021bi pe website-ul nostru;4. informa\u021biile pe care le introduce\u021bi atunci c\u00e2nd crea\u021bi un profil pe website-ul nostru \u2013 de exemplu, numele dvs., pozele de profil, sexul, data na\u0219terii, starea civil\u0103, interese \u0219i hobby-uri, detalii academice \u0219i detalii despre ocupa\u021bie;5. informa\u021bii precum numele \u0219i adresa dvs. de e-mail, pe care le introduce\u021bi pentru a configura abon\u0103rile la e-mailurile \u0219i\/sau la buletinele noastre informative;6. informa\u021bii pe care le introduce\u021bi \u00een timp ce utiliza\u021bi serviciile de pe website-ul nostru;7. informa\u021bii care sunt generate \u00een timp ce utiliza\u021bi website-ul nostru, inclusiv despre c\u00e2nd, c\u00e2t de des \u0219i \u00een ce circumstan\u021be \u00eel utiliza\u021bi;8. informa\u021bii referitoare la orice achizi\u021bie efectuat\u0103, servicii utilizate sau tranzac\u021bii pe care le face\u021bi prin intermediul website-ului nostru, care pot include numele, adresa, num\u0103rul de telefon, adresa de e-mail \u0219i detaliile cardului bancar;9. informa\u021biile pe care le posta\u021bi pe website-ul nostru cu inten\u021bia de a le publica pe internet, care pot include numele dvs. de utilizator, imaginile de profil \u0219i con\u021binutul post\u0103rilor;10. informa\u021bii con\u021binute \u00een orice comunic\u0103ri ne trimite\u021bi prin e-mail sau prin intermediul website-ului nostru, inclusiv con\u021binutul comunic\u0103rilor \u0219i metadatele acestora;11. orice alte informa\u021bii personale pe care ni le trimite\u021bi. \u00cenainte de a ne divulga informa\u021biile personale ale unei alte persoane, trebuie s\u0103 ob\u021bine\u021bi consim\u021b\u0103m\u00e2ntul acelei persoanei at\u00e2t pentru divulgarea, c\u00e2t \u0219i pentru procesarea informa\u021biilor personale \u00een conformitate cu aceast\u0103 politic\u0103. Utilizarea informa\u021biilor dvs. personaleInforma\u021biile personale transmise prin intermediul website-ului nostru vor fi utilizate \u00een scopurile specificate de aceast\u0103 politic\u0103 sau \u00een paginile respective ale website-ului. Putem folosi informa\u021biile dvs. personale pentru:1. administrarea website-ului \u0219i a afacerii noastre;2. personalizarea website-ului nostru pentru dvs.;3. autorizarea utiliz\u0103rii serviciilor disponibile pe website-ul nostru;4. trimiterea de bunuri cump\u0103rate prin intermediul website-ului nostru;5. furnizarea serviciilor achizi\u021bionate prin intermediul website-ului nostru;6. trimiterea de rapoarte, facturi \u0219i notific\u0103ri de plat\u0103 c\u0103tre dvs. \u0219i colectarea pl\u0103\u021bilor de la dvs.;7. trimiterea de comunic\u0103ri comerciale \u00een vederea inform\u0103rii;8. trimiterea prin e-mail de notific\u0103ri solicitate \u00een mod expres;9. trimiterea buletinului nostru informativ prin e-mail, dac\u0103 l-a\u021bi solicitat (ne pute\u021bi informa oric\u00e2nd dac\u0103 nu mai dori\u021bi aceast\u0103 comunicare);10. trimiterea de comunic\u0103ri de marketing referitoare la afacerea noastr\u0103 sau la companiile unor ter\u021bi selecta\u021bi cu aten\u021bie, care consider\u0103m c\u0103 v\u0103 pot interesa, prin po\u0219t\u0103 sau, acolo unde a\u021bi consim\u021bit \u00een mod specific, prin e-mail sau tehnologii similare (ne pute\u021bi informa \u00een orice moment dac\u0103 nu mai dori\u021bi s\u0103 primi\u021bi comunic\u0103ri de marketing);11. furnizarea c\u0103tre ter\u021bi a informa\u021biilor statistice despre utilizatorii no\u0219tri (ace\u0219ti ter\u021bi nu vor putea identifica niciun utilizator cu ajutorul acestor informa\u021bii);12. abordarea solicit\u0103rilor \u0219i reclama\u021biilor f\u0103cute de dvs. sau despre dvs. referitoare la website-ul nostru;13. p\u0103strarea securit\u0103\u021bii website-ului nostru \u0219i prevenirea fraudelor;14. verificarea respect\u0103rii termenilor \u0219i condi\u021biilor care reglementeaz\u0103 utilizarea website-ului nostru (inclusiv monitorizarea mesajelor private trimise prin intermediul serviciului nostru de mesagerie privat\u0103); \u0219i15. alte utiliz\u0103ri. Dac\u0103 trimite\u021bi informa\u021bii personale \u00een vederea public\u0103rii pe website-ul nostru, vom publica \u0219i vom folosi aceste informa\u021bii \u00een concordan\u021b\u0103 cu \u00eentinderea acordului pe care ni-l furniza\u021bi.Set\u0103rile de confiden\u021bialitate pot fi utilizate pentru a limita publicarea informa\u021biilor dvs. pe website-ul nostru \u0219i pot fi modificate cu ajutorul comutatoarelor de confiden\u021bialitate de pe website.F\u0103r\u0103 consim\u021b\u0103m\u00e2ntul dvs. expres, nu vom furniza informa\u021biile dvs. personale c\u0103tre ter\u021bi pentru marketingul direct din partea acestor ter\u021bi sau din partea oric\u0103rei alte ter\u021be p\u0103r\u021bi. Divulgarea informa\u021biilor personalePutem divulga informa\u021biile dvs. personale oric\u0103ruia dintre angaja\u021bii, ofi\u021berii, asigur\u0103torii, consilierii profesioni\u0219ti, agen\u021bii, furnizorii sau subcontractan\u021bii no\u0219tri dup\u0103 cum este necesar \u00een mod rezonabil pentru scopurile prev\u0103zute \u00een aceast\u0103 politic\u0103.Putem dezv\u0103lui informa\u021biile dvs. personale oric\u0103rui membru al grupului nostru de companii (acesta include filialele noastre, compania-mam\u0103 \u0219i toate filialele sale), dup\u0103 cum este necesar \u00een mod rezonabil pentru scopurile prev\u0103zute \u00een aceast\u0103 politic\u0103. Putem divulga informa\u021biile dvs. personale:1. \u00een m\u0103sura \u00een care ni se solicit\u0103 acest lucru prin lege;2. \u00een leg\u0103tur\u0103 cu orice procedur\u0103 legal\u0103 poten\u021bial\u0103 sau \u00een curs;3. pentru a stabili, exercita sau ap\u0103ra drepturile noastre legale (inclusiv furnizarea de informa\u021bii c\u0103tre ter\u021bi \u00een scopul prevenirii fraudelor \u0219i reducerea riscului de credit);4. c\u0103tre cump\u0103r\u0103torul (sau poten\u021bialul cump\u0103r\u0103tor) al oric\u0103rei afaceri sau oric\u0103rui bun pe care le-am v\u00e2ndut (sau avem \u00een plan s\u0103 \u00eel vindem); \u0219i5. oric\u0103rei persoane consider\u0103m \u00een mod rezonabil c\u0103 s-ar putea adresa unei instan\u021be sau unei alte autorit\u0103\u021bi competente pentru divulgarea informa\u021biilor personale \u00een cazul \u00een care, \u00een opinia noastr\u0103 rezonabil\u0103, o astfel de instan\u021b\u0103 sau autoritate ar putea s\u0103 dispun\u0103 divulgarea informa\u021biilor personale. Cu excep\u021bia situa\u021biilor prev\u0103zute \u00een aceast\u0103 politic\u0103, nu vom furniza informa\u021biile dvs. personale c\u0103tre ter\u021bi. Transferuri interna\u021bionale de date1. Informa\u021biile pe care le colect\u0103m pot fi stocate, prelucrate \u0219i transferate \u00eentre oricare dintre \u021b\u0103rile \u00een care func\u021bion\u0103m pentru a ne permite s\u0103 utiliz\u0103m informa\u021biile \u00een conformitate cu aceast\u0103 politic\u0103.2. Informa\u021biile colectate pot fi transferate \u00eentre urm\u0103toarele \u021b\u0103ri care nu au instituite legi de protec\u021bie a datelor personale echivalente cu cele \u00een vigoare \u00een Spa\u021biul Economic European: Statele Unite ale Americii, Rusia, Japonia, China \u0219i India.3. Informa\u021biile personale pe care le publica\u021bi pe website-ul nostru sau pe care le trimite\u021bi spre publicare pe website-ul nostru pot fi disponibile prin internet \u00een \u00eentreaga lume. Nu putem \u00eempiedica utilizarea sau utilizarea gre\u0219it\u0103 a acestor informa\u021bii de c\u0103tre al\u021bii.4. Sunte\u021bi de acord \u00een mod expres cu transferurile de informa\u021bii personale descrise \u00een aceast\u0103 Sec\u021biune. P\u0103strarea informa\u021biilor personaleAceast\u0103 Sec\u021biune stabile\u0219te politicile \u0219i procedurile noastre de p\u0103strare a datelor, care sunt concepute pentru a ajuta la asigurarea respect\u0103rii obliga\u021biilor noastre legale cu privire la p\u0103strarea \u0219i \u0219tergerea informa\u021biilor personale.1. Informa\u021biile personale pe care le prelucr\u0103m cu orice scop sau scopuri nu vor fi p\u0103strate mai mult dec\u00e2t este necesar pentru <a class=\"read-more\" href=\"https:\/\/enjoydriving.ro\/en\/politica-de-confidentialitate\/\">READ MORE<\/a><\/p>","protected":false},"author":1,"featured_media":0,"parent":0,"menu_order":0,"comment_status":"closed","ping_status":"closed","template":"elementor_header_footer","meta":{"_eb_attr":"","footnotes":""},"class_list":["post-778","page","type-page","status-publish","hentry"],"jetpack_sharing_enabled":true,"_links":{"self":[{"href":"https:\/\/enjoydriving.ro\/en\/wp-json\/wp\/v2\/pages\/778","targetHints":{"allow":["GET"]}}],"collection":[{"href":"https:\/\/enjoydriving.ro\/en\/wp-json\/wp\/v2\/pages"}],"about":[{"href":"https:\/\/enjoydriving.ro\/en\/wp-json\/wp\/v2\/types\/page"}],"author":[{"embeddable":true,"href":"https:\/\/enjoydriving.ro\/en\/wp-json\/wp\/v2\/users\/1"}],"replies":[{"embeddable":true,"href":"https:\/\/enjoydriving.ro\/en\/wp-json\/wp\/v2\/comments?post=778"}],"version-history":[{"count":0,"href":"https:\/\/enjoydriving.ro\/en\/wp-json\/wp\/v2\/pages\/778\/revisions"}],"wp:attachment":[{"href":"https:\/\/enjoydriving.ro\/en\/wp-json\/wp\/v2\/media?parent=778"}],"curies":[{"name":"wp","href":"https:\/\/api.w.org\/{rel}","templated":true}]}}