{"id":2783,"date":"2025-04-16T15:01:26","date_gmt":"2025-04-16T15:01:26","guid":{"rendered":"https:\/\/enjoydriving.ro\/?post_type=product&#038;p=2783"},"modified":"2025-12-30T07:07:54","modified_gmt":"2025-12-30T07:07:54","slug":"cat-a2-pachet-standard","status":"publish","type":"product","link":"https:\/\/enjoydriving.ro\/en\/product\/cat-a2-pachet-standard\/","title":{"rendered":"Cat A2 &#8211; Pachet Standard"},"content":{"rendered":"<p><strong>Pachetul include:<\/strong><\/p>\n<ul>\n<li>24 de ore de preg\u0103tire teoretic\u0103.<\/li>\n<li>26 de ore de preg\u0103tire practic\u0103, dup\u0103 cum urmeaz\u0103:\n<ul>\n<li>11 \u0219edin\u021be \u00een poligon, \u00eentr-un spa\u021biu special amenajat, unde ve\u021bi \u00eenv\u0103\u021ba diferite tehnici precum fr\u00e2narea de urgen\u021b\u0103, contravirarea etc.<\/li>\n<li>2 \u0219edin\u021be \u00een trafic, pe traseele agreate de Brigada Poli\u021biei Rutiere Rom\u00e2ne.<\/li>\n<li>Fiecare \u0219edin\u021b\u0103 dureaz\u0103 2h.<\/li>\n<\/ul>\n<\/li>\n<li>Mecanic\u0103: no\u021biuni elementare specifice motocicletei, tipuri de motociclete.<\/li>\n<li>Plata se poate face \u00een 4 rate. Prima rat\u0103 este de 400 de lei.<\/li>\n<li>Permis categoria B obligatoriu.<\/li>\n<\/ul>","protected":false},"excerpt":{"rendered":"<p>Pachetul include: 24 de ore de preg\u0103tire teoretic\u0103. 26 de ore de preg\u0103tire practic\u0103, dup\u0103 cum urmeaz\u0103: 11 \u0219edin\u021be \u00een poligon, \u00eentr-un spa\u021biu special amenajat, unde ve\u021bi \u00eenv\u0103\u021ba diferite tehnici precum fr\u00e2narea de urgen\u021b\u0103, contravirarea etc. 2 \u0219edin\u021be \u00een trafic, pe traseele agreate de Brigada Poli\u021biei Rutiere Rom\u00e2ne. Fiecare \u0219edin\u021b\u0103 dureaz\u0103 2h. Mecanic\u0103: no\u021biuni elementare specifice motocicletei, tipuri de motociclete. Plata se poate face \u00een 4 rate. Prima rat\u0103 este de 400 de lei. Permis categoria B obligatoriu.<\/p>","protected":false},"featured_media":2714,"template":"","meta":{"_eb_attr":""},"product_cat":[76],"product_tag":[77],"class_list":{"0":"post-2783","1":"product","2":"type-product","3":"status-publish","4":"has-post-thumbnail","6":"product_cat-moto-categoria-a2","7":"product_tag-categoria-a2","9":"first","10":"instock","11":"sale","12":"shipping-taxable","13":"purchasable","14":"product-type-simple"},"jetpack_sharing_enabled":true,"_links":{"self":[{"href":"https:\/\/enjoydriving.ro\/en\/wp-json\/wp\/v2\/product\/2783","targetHints":{"allow":["GET"]}}],"collection":[{"href":"https:\/\/enjoydriving.ro\/en\/wp-json\/wp\/v2\/product"}],"about":[{"href":"https:\/\/enjoydriving.ro\/en\/wp-json\/wp\/v2\/types\/product"}],"version-history":[{"count":1,"href":"https:\/\/enjoydriving.ro\/en\/wp-json\/wp\/v2\/product\/2783\/revisions"}],"predecessor-version":[{"id":3644,"href":"https:\/\/enjoydriving.ro\/en\/wp-json\/wp\/v2\/product\/2783\/revisions\/3644"}],"wp:featuredmedia":[{"embeddable":true,"href":"https:\/\/enjoydriving.ro\/en\/wp-json\/wp\/v2\/media\/2714"}],"wp:attachment":[{"href":"https:\/\/enjoydriving.ro\/en\/wp-json\/wp\/v2\/media?parent=2783"}],"wp:term":[{"taxonomy":"product_cat","embeddable":true,"href":"https:\/\/enjoydriving.ro\/en\/wp-json\/wp\/v2\/product_cat?post=2783"},{"taxonomy":"product_tag","embeddable":true,"href":"https:\/\/enjoydriving.ro\/en\/wp-json\/wp\/v2\/product_tag?post=2783"}],"curies":[{"name":"wp","href":"https:\/\/api.w.org\/{rel}","templated":true}]}}