{"id":2789,"date":"2025-04-16T15:05:15","date_gmt":"2025-04-16T15:05:15","guid":{"rendered":"https:\/\/enjoydriving.ro\/?post_type=product&#038;p=2789"},"modified":"2025-04-16T15:05:15","modified_gmt":"2025-04-16T15:05:15","slug":"cat-a2-pachet-basic-pentru-posesorii-de-a1","status":"publish","type":"product","link":"https:\/\/enjoydriving.ro\/en\/product\/cat-a2-pachet-basic-pentru-posesorii-de-a1\/","title":{"rendered":"Cat A2 &#8211; Pachet Basic pentru posesorii de A1"},"content":{"rendered":"<p><strong>Pachetul include:<\/strong><\/p>\n<ul>\n<li>24 de ore de preg\u0103tire teoretic\u0103.<\/li>\n<li>10 de ore de preg\u0103tire practic\u0103, dup\u0103 cum urmeaz\u0103:\n<ul>\n<li>\u00een poligon \u0219i trafic, pe traseele agreate de Brigada Poli\u021biei Rutiere Rom\u00e2ne.<\/li>\n<\/ul>\n<\/li>\n<li>Plata se poate face \u00een 2 rate. Prima rat\u0103 este de 600 de lei.<\/li>\n<li>Pachet valabil doar pentru de\u021bin\u0103torii de permis categoria A1 de minim 2 ani.<\/li>\n<\/ul>","protected":false},"excerpt":{"rendered":"<p>Pachetul include: 24 de ore de preg\u0103tire teoretic\u0103. 10 de ore de preg\u0103tire practic\u0103, dup\u0103 cum urmeaz\u0103: \u00een poligon \u0219i trafic, pe traseele agreate de Brigada Poli\u021biei Rutiere Rom\u00e2ne. Plata se poate face \u00een 2 rate. Prima rat\u0103 este de 600 de lei. Pachet valabil doar pentru de\u021bin\u0103torii de permis categoria A1 de minim 2 ani.<\/p>","protected":false},"featured_media":2717,"template":"","meta":{"_eb_attr":""},"product_cat":[76],"product_tag":[77],"class_list":{"0":"post-2789","1":"product","2":"type-product","3":"status-publish","4":"has-post-thumbnail","6":"product_cat-moto-categoria-a2","7":"product_tag-categoria-a2","9":"first","10":"instock","11":"shipping-taxable","12":"purchasable","13":"product-type-simple"},"jetpack_sharing_enabled":true,"_links":{"self":[{"href":"https:\/\/enjoydriving.ro\/en\/wp-json\/wp\/v2\/product\/2789","targetHints":{"allow":["GET"]}}],"collection":[{"href":"https:\/\/enjoydriving.ro\/en\/wp-json\/wp\/v2\/product"}],"about":[{"href":"https:\/\/enjoydriving.ro\/en\/wp-json\/wp\/v2\/types\/product"}],"version-history":[{"count":0,"href":"https:\/\/enjoydriving.ro\/en\/wp-json\/wp\/v2\/product\/2789\/revisions"}],"wp:featuredmedia":[{"embeddable":true,"href":"https:\/\/enjoydriving.ro\/en\/wp-json\/wp\/v2\/media\/2717"}],"wp:attachment":[{"href":"https:\/\/enjoydriving.ro\/en\/wp-json\/wp\/v2\/media?parent=2789"}],"wp:term":[{"taxonomy":"product_cat","embeddable":true,"href":"https:\/\/enjoydriving.ro\/en\/wp-json\/wp\/v2\/product_cat?post=2789"},{"taxonomy":"product_tag","embeddable":true,"href":"https:\/\/enjoydriving.ro\/en\/wp-json\/wp\/v2\/product_tag?post=2789"}],"curies":[{"name":"wp","href":"https:\/\/api.w.org\/{rel}","templated":true}]}}