{"id":2791,"date":"2025-04-16T15:06:18","date_gmt":"2025-04-16T15:06:18","guid":{"rendered":"https:\/\/enjoydriving.ro\/?post_type=product&#038;p=2791"},"modified":"2025-05-21T15:23:32","modified_gmt":"2025-05-21T15:23:32","slug":"cat-a2-pachet-extended-pentru-posesorii-de-a1","status":"publish","type":"product","link":"https:\/\/enjoydriving.ro\/en\/product\/cat-a2-pachet-extended-pentru-posesorii-de-a1\/","title":{"rendered":"Cat A2 &#8211; Pachet Extended pentru posesorii de A1"},"content":{"rendered":"<p><strong>Pachetul include:<\/strong><\/p>\n<ul>\n<li>24 de ore de preg\u0103tire teoretic\u0103.<\/li>\n<li>26 de ore de preg\u0103tire practic\u0103, dup\u0103 cum urmeaz\u0103:\n<ul>\n<li>12 \u0219edin\u021be \u00een poligon, \u00eentr-un spa\u021biu special amenajat, unde ve\u021bi \u00eenv\u0103\u021ba diferite tehnici precum fr\u00e2narea de urgen\u021b\u0103, contravirarea etc.<\/li>\n<li>1 \u0219edin\u021b\u0103 \u00een trafic, pe traseele agreate de Brigada Poli\u021biei Rutiere Rom\u00e2ne.<\/li>\n<li>Fiecare \u0219edin\u021b\u0103 dureaz\u0103 2h.<\/li>\n<\/ul>\n<\/li>\n<li>Plata se poate face \u00een 2 rate. Prima rat\u0103 este de 400 de lei.<\/li>\n<li>Pachet valabil doar pentru de\u021bin\u0103torii de permis categoria A1 de minim 2 ani.<\/li>\n<\/ul>","protected":false},"excerpt":{"rendered":"<p>Pachetul include: 24 de ore de preg\u0103tire teoretic\u0103. 26 de ore de preg\u0103tire practic\u0103, dup\u0103 cum urmeaz\u0103: 12 \u0219edin\u021be \u00een poligon, \u00eentr-un spa\u021biu special amenajat, unde ve\u021bi \u00eenv\u0103\u021ba diferite tehnici precum fr\u00e2narea de urgen\u021b\u0103, contravirarea etc. 1 \u0219edin\u021b\u0103 \u00een trafic, pe traseele agreate de Brigada Poli\u021biei Rutiere Rom\u00e2ne. Fiecare \u0219edin\u021b\u0103 dureaz\u0103 2h. Plata se poate face \u00een 2 rate. Prima rat\u0103 este de 400 de lei. Pachet valabil doar pentru de\u021bin\u0103torii de permis categoria A1 de minim 2 ani.<\/p>","protected":false},"featured_media":2718,"template":"","meta":{"_eb_attr":""},"product_cat":[76],"product_tag":[77],"class_list":{"0":"post-2791","1":"product","2":"type-product","3":"status-publish","4":"has-post-thumbnail","6":"product_cat-moto-categoria-a2","7":"product_tag-categoria-a2","9":"first","10":"instock","11":"shipping-taxable","12":"purchasable","13":"product-type-simple"},"jetpack_sharing_enabled":true,"_links":{"self":[{"href":"https:\/\/enjoydriving.ro\/en\/wp-json\/wp\/v2\/product\/2791","targetHints":{"allow":["GET"]}}],"collection":[{"href":"https:\/\/enjoydriving.ro\/en\/wp-json\/wp\/v2\/product"}],"about":[{"href":"https:\/\/enjoydriving.ro\/en\/wp-json\/wp\/v2\/types\/product"}],"version-history":[{"count":0,"href":"https:\/\/enjoydriving.ro\/en\/wp-json\/wp\/v2\/product\/2791\/revisions"}],"wp:featuredmedia":[{"embeddable":true,"href":"https:\/\/enjoydriving.ro\/en\/wp-json\/wp\/v2\/media\/2718"}],"wp:attachment":[{"href":"https:\/\/enjoydriving.ro\/en\/wp-json\/wp\/v2\/media?parent=2791"}],"wp:term":[{"taxonomy":"product_cat","embeddable":true,"href":"https:\/\/enjoydriving.ro\/en\/wp-json\/wp\/v2\/product_cat?post=2791"},{"taxonomy":"product_tag","embeddable":true,"href":"https:\/\/enjoydriving.ro\/en\/wp-json\/wp\/v2\/product_tag?post=2791"}],"curies":[{"name":"wp","href":"https:\/\/api.w.org\/{rel}","templated":true}]}}