{"id":2809,"date":"2025-04-16T15:14:46","date_gmt":"2025-04-16T15:14:46","guid":{"rendered":"https:\/\/enjoydriving.ro\/?post_type=product&#038;p=2809"},"modified":"2025-04-16T15:14:46","modified_gmt":"2025-04-16T15:14:46","slug":"cat-a1-pachet-premium","status":"publish","type":"product","link":"https:\/\/enjoydriving.ro\/en\/product\/cat-a1-pachet-premium\/","title":{"rendered":"Cat A1 &#8211; Pachet Premium"},"content":{"rendered":"<p><strong>Pachetul include:<\/strong><\/p>\n<ul>\n<li>24 de ore de preg\u0103tire teoretic\u0103.<\/li>\n<li>28 de ore de preg\u0103tire practic\u0103, dup\u0103 cum urmeaz\u0103:\n<ul>\n<li>\u00een poligon, \u00eentr-un spa\u021biu special amenajat, unde ve\u021bi \u00eenv\u0103\u021ba diferite tehnici precum fr\u00e2narea de urgen\u021b\u0103, contravirarea etc.<\/li>\n<li>\u00een trafic, pe traseele agreate de Brigada Poli\u021biei Rutiere Rom\u00e2ne.<\/li>\n<li>enduro.<\/li>\n<li>Mecanic\u0103: no\u021biuni elementare specifice motocicletei, tipuri de motociclete.<\/li>\n<li>Echipament: tipuri de echipament de protec\u021bie \u0219i alegerea acestuia.<\/li>\n<\/ul>\n<\/li>\n<li>Plata se poate face \u00een 4 rate. Prima rat\u0103 este de 600 de lei.<\/li>\n<\/ul>","protected":false},"excerpt":{"rendered":"<p>Pachetul include: 24 de ore de preg\u0103tire teoretic\u0103. 28 de ore de preg\u0103tire practic\u0103, dup\u0103 cum urmeaz\u0103: \u00een poligon, \u00eentr-un spa\u021biu special amenajat, unde ve\u021bi \u00eenv\u0103\u021ba diferite tehnici precum fr\u00e2narea de urgen\u021b\u0103, contravirarea etc. \u00een trafic, pe traseele agreate de Brigada Poli\u021biei Rutiere Rom\u00e2ne. enduro. Mecanic\u0103: no\u021biuni elementare specifice motocicletei, tipuri de motociclete. Echipament: tipuri de echipament de protec\u021bie \u0219i alegerea acestuia. Plata se poate face \u00een 4 rate. Prima rat\u0103 este de 600 de lei.<\/p>","protected":false},"featured_media":2716,"template":"","meta":{"_eb_attr":""},"product_cat":[78],"product_tag":[79],"class_list":{"0":"post-2809","1":"product","2":"type-product","3":"status-publish","4":"has-post-thumbnail","6":"product_cat-moto-categoria-a1","7":"product_tag-categoria-a1","9":"first","10":"instock","11":"shipping-taxable","12":"purchasable","13":"product-type-simple"},"jetpack_sharing_enabled":true,"_links":{"self":[{"href":"https:\/\/enjoydriving.ro\/en\/wp-json\/wp\/v2\/product\/2809","targetHints":{"allow":["GET"]}}],"collection":[{"href":"https:\/\/enjoydriving.ro\/en\/wp-json\/wp\/v2\/product"}],"about":[{"href":"https:\/\/enjoydriving.ro\/en\/wp-json\/wp\/v2\/types\/product"}],"version-history":[{"count":0,"href":"https:\/\/enjoydriving.ro\/en\/wp-json\/wp\/v2\/product\/2809\/revisions"}],"wp:featuredmedia":[{"embeddable":true,"href":"https:\/\/enjoydriving.ro\/en\/wp-json\/wp\/v2\/media\/2716"}],"wp:attachment":[{"href":"https:\/\/enjoydriving.ro\/en\/wp-json\/wp\/v2\/media?parent=2809"}],"wp:term":[{"taxonomy":"product_cat","embeddable":true,"href":"https:\/\/enjoydriving.ro\/en\/wp-json\/wp\/v2\/product_cat?post=2809"},{"taxonomy":"product_tag","embeddable":true,"href":"https:\/\/enjoydriving.ro\/en\/wp-json\/wp\/v2\/product_tag?post=2809"}],"curies":[{"name":"wp","href":"https:\/\/api.w.org\/{rel}","templated":true}]}}