{"id":3501,"date":"2025-11-27T12:10:31","date_gmt":"2025-11-27T12:10:31","guid":{"rendered":"https:\/\/enjoydriving.ro\/?post_type=product&#038;p=3501"},"modified":"2026-01-02T11:10:19","modified_gmt":"2026-01-02T11:10:19","slug":"gift-voucher-cursuri-moto-1000","status":"publish","type":"product","link":"https:\/\/enjoydriving.ro\/en\/product\/gift-voucher-cursuri-moto-1000\/","title":{"rendered":"Gift Voucher Cursuri Moto"},"content":{"rendered":"<p>Cei care primesc voucherul \u00eel pot folosi pentru a se \u00eenscrie la unul dintre <strong>cursurile moto<\/strong> din sezonul 2026, disponibile pentru <strong>categoriile A, A2 \u0219i A1<\/strong> (v\u00e2rsta minim\u0103 16 ani pentru categoria A1). Este o oportunitate excelent\u0103 pentru oricine \u00ee\u0219i dore\u0219te s\u0103 \u00eenceap\u0103 aventura pe dou\u0103 ro\u021bi.<\/p>","protected":false},"excerpt":{"rendered":"<p>Cei care primesc voucherul \u00eel pot folosi pentru a se \u00eenscrie la unul dintre cursurile moto din sezonul 2026, disponibile pentru categoriile A, A2 \u0219i A1 (v\u00e2rsta minim\u0103 16 ani pentru categoria A1). Este o oportunitate excelent\u0103 pentru oricine \u00ee\u0219i dore\u0219te s\u0103 \u00eenceap\u0103 aventura pe dou\u0103 ro\u021bi.<\/p>","protected":false},"featured_media":3704,"template":"","meta":{"_eb_attr":""},"product_cat":[85],"product_tag":[],"class_list":{"0":"post-3501","1":"product","2":"type-product","3":"status-publish","4":"has-post-thumbnail","6":"product_cat-voucher-cadou-cursuri-moto","8":"first","9":"instock","10":"purchasable","11":"product-type-pw-gift-card"},"jetpack_sharing_enabled":true,"_links":{"self":[{"href":"https:\/\/enjoydriving.ro\/en\/wp-json\/wp\/v2\/product\/3501","targetHints":{"allow":["GET"]}}],"collection":[{"href":"https:\/\/enjoydriving.ro\/en\/wp-json\/wp\/v2\/product"}],"about":[{"href":"https:\/\/enjoydriving.ro\/en\/wp-json\/wp\/v2\/types\/product"}],"version-history":[{"count":3,"href":"https:\/\/enjoydriving.ro\/en\/wp-json\/wp\/v2\/product\/3501\/revisions"}],"predecessor-version":[{"id":3583,"href":"https:\/\/enjoydriving.ro\/en\/wp-json\/wp\/v2\/product\/3501\/revisions\/3583"}],"wp:featuredmedia":[{"embeddable":true,"href":"https:\/\/enjoydriving.ro\/en\/wp-json\/wp\/v2\/media\/3704"}],"wp:attachment":[{"href":"https:\/\/enjoydriving.ro\/en\/wp-json\/wp\/v2\/media?parent=3501"}],"wp:term":[{"taxonomy":"product_cat","embeddable":true,"href":"https:\/\/enjoydriving.ro\/en\/wp-json\/wp\/v2\/product_cat?post=3501"},{"taxonomy":"product_tag","embeddable":true,"href":"https:\/\/enjoydriving.ro\/en\/wp-json\/wp\/v2\/product_tag?post=3501"}],"curies":[{"name":"wp","href":"https:\/\/api.w.org\/{rel}","templated":true}]}}