{"id":973,"date":"2025-01-22T18:04:59","date_gmt":"2025-01-22T18:04:59","guid":{"rendered":"https:\/\/enjoydriving.ro\/?post_type=product&#038;p=973"},"modified":"2026-03-30T10:34:11","modified_gmt":"2026-03-30T10:34:11","slug":"curs-clasa-d","status":"publish","type":"product","link":"https:\/\/enjoydriving.ro\/en\/product\/curs-clasa-d\/","title":{"rendered":"Class D Course"},"content":{"rendered":"<p>The certificate obtained after completing the Class D navigation courses grants the holder the right to operate recreational boats with an engine power of over 5 horsepower and a maximum length of 24 meters on inland waterways such as rivers, lakes, and canals.<\/p>\n<p>During the courses, participants acquire the theoretical and practical knowledge necessary to safely operate a motorboat. At the end, they will take the practical exam (navigation test) to obtain the graduation certificate. After completing the course, graduates can register for the official navigation exam organized by the Romanian Naval Authority (ANR) at territorial captaincies.<\/p>\n<p><span style=\"color: #ce1126;\">For groups and customized offers, please contact us.<\/span><\/p>","protected":false},"excerpt":{"rendered":"<p>Certificatul ob\u021binut \u00een urma cursurilor de naviga\u021bie Clasa D ofer\u0103 dreptul titularului de a conduce ambarca\u021biuni de agrement, cu motor de peste 5 cai putere \u0219i cu o lungime de maximum 24 metri, pe c\u0103i navigabile interioare, precum r\u00e2uri, lacuri \u0219i fluvii. \u00cen cadrul cursurilor, participan\u021bii dob\u00e2ndesc cuno\u0219tin\u021be teoretice \u0219i practice necesare pentru a manevra \u00een siguran\u021b\u0103 o ambarca\u021biune cu motor. La final, ace\u0219tia vor sus\u021bine examenul practic (traseul) pentru ob\u021binerea certificatului de absolvire. Dup\u0103 finalizarea cursului, absolven\u021bii se pot \u00eenscrie la examenul oficial de naviga\u021bie organizat de Autoritatea Naval\u0103 Rom\u00e2n\u0103 (ANR), \u00een cadrul c\u0103pit\u0103niilor teritoriale. Pentru grupuri \u0219i oferte personalizate, te rug\u0103m s\u0103 ne contactezi.<\/p>","protected":false},"featured_media":1147,"template":"","meta":{"_eb_attr":""},"product_cat":[34],"product_tag":[54],"class_list":{"0":"post-973","1":"product","2":"type-product","3":"status-publish","4":"has-post-thumbnail","6":"product_cat-cursuri-de-navigatie","7":"product_tag-clasa-d","9":"first","10":"instock","11":"sale","12":"shipping-taxable","13":"purchasable","14":"product-type-variable"},"jetpack_sharing_enabled":true,"_links":{"self":[{"href":"https:\/\/enjoydriving.ro\/en\/wp-json\/wp\/v2\/product\/973","targetHints":{"allow":["GET"]}}],"collection":[{"href":"https:\/\/enjoydriving.ro\/en\/wp-json\/wp\/v2\/product"}],"about":[{"href":"https:\/\/enjoydriving.ro\/en\/wp-json\/wp\/v2\/types\/product"}],"version-history":[{"count":1,"href":"https:\/\/enjoydriving.ro\/en\/wp-json\/wp\/v2\/product\/973\/revisions"}],"predecessor-version":[{"id":3367,"href":"https:\/\/enjoydriving.ro\/en\/wp-json\/wp\/v2\/product\/973\/revisions\/3367"}],"wp:featuredmedia":[{"embeddable":true,"href":"https:\/\/enjoydriving.ro\/en\/wp-json\/wp\/v2\/media\/1147"}],"wp:attachment":[{"href":"https:\/\/enjoydriving.ro\/en\/wp-json\/wp\/v2\/media?parent=973"}],"wp:term":[{"taxonomy":"product_cat","embeddable":true,"href":"https:\/\/enjoydriving.ro\/en\/wp-json\/wp\/v2\/product_cat?post=973"},{"taxonomy":"product_tag","embeddable":true,"href":"https:\/\/enjoydriving.ro\/en\/wp-json\/wp\/v2\/product_tag?post=973"}],"curies":[{"name":"wp","href":"https:\/\/api.w.org\/{rel}","templated":true}]}}