{"id":982,"date":"2025-01-22T18:12:42","date_gmt":"2025-01-22T18:12:42","guid":{"rendered":"https:\/\/enjoydriving.ro\/?post_type=product&#038;p=982"},"modified":"2026-03-30T10:31:16","modified_gmt":"2026-03-30T10:31:16","slug":"curs-clasele-cd","status":"publish","type":"product","link":"https:\/\/enjoydriving.ro\/en\/product\/curs-clasele-cd\/","title":{"rendered":"Class C+D Course"},"content":{"rendered":"<p>This course package provides the necessary training for obtaining the Class C and D navigation certificates, which allow the operation of recreational boats both on inland waterways (rivers, lakes, canals) and in maritime areas up to 6 nautical miles from the shore.<\/p>\n<p>Participants will acquire essential theoretical and practical knowledge for the safe handling of motorboats, preparing them to navigate confidently on all types of waters.<\/p>\n<p><span style=\"color: #ce1126;\">For groups and customized offers, please contact us.<\/span><\/p>","protected":false},"excerpt":{"rendered":"<p>Acest pachet de cursuri ofer\u0103 preg\u0103tirea necesar\u0103 pentru ob\u021binerea certificatelor de naviga\u021bie Clasele C \u0219i D, care permit conducerea ambarca\u021biunilor de agrement at\u00e2t pe c\u0103i navigabile interioare (r\u00e2uri, lacuri, fluvii), c\u00e2t \u0219i \u00een zone maritime care nu dep\u0103\u0219esc 6 mile marine fa\u021b\u0103 de \u021b\u0103rm. Participan\u021bii vor dob\u00e2ndi cuno\u0219tin\u021be teoretice \u0219i practice esen\u021biale pentru manevrarea \u00een siguran\u021b\u0103 a ambarca\u021biunilor cu motor, preg\u0103tindu-se s\u0103 navigheze cu \u00eencredere pe toate tipurile de ape. Pentru grupuri \u0219i oferte personalizate, te rug\u0103m s\u0103 ne contactezi.<\/p>","protected":false},"featured_media":1176,"template":"","meta":{"_eb_attr":""},"product_cat":[34],"product_tag":[57],"class_list":{"0":"post-982","1":"product","2":"type-product","3":"status-publish","4":"has-post-thumbnail","6":"product_cat-cursuri-de-navigatie","7":"product_tag-clasele-c-si-d","9":"first","10":"instock","11":"sale","12":"shipping-taxable","13":"purchasable","14":"product-type-variable"},"jetpack_sharing_enabled":true,"_links":{"self":[{"href":"https:\/\/enjoydriving.ro\/en\/wp-json\/wp\/v2\/product\/982","targetHints":{"allow":["GET"]}}],"collection":[{"href":"https:\/\/enjoydriving.ro\/en\/wp-json\/wp\/v2\/product"}],"about":[{"href":"https:\/\/enjoydriving.ro\/en\/wp-json\/wp\/v2\/types\/product"}],"version-history":[{"count":1,"href":"https:\/\/enjoydriving.ro\/en\/wp-json\/wp\/v2\/product\/982\/revisions"}],"predecessor-version":[{"id":3366,"href":"https:\/\/enjoydriving.ro\/en\/wp-json\/wp\/v2\/product\/982\/revisions\/3366"}],"wp:featuredmedia":[{"embeddable":true,"href":"https:\/\/enjoydriving.ro\/en\/wp-json\/wp\/v2\/media\/1176"}],"wp:attachment":[{"href":"https:\/\/enjoydriving.ro\/en\/wp-json\/wp\/v2\/media?parent=982"}],"wp:term":[{"taxonomy":"product_cat","embeddable":true,"href":"https:\/\/enjoydriving.ro\/en\/wp-json\/wp\/v2\/product_cat?post=982"},{"taxonomy":"product_tag","embeddable":true,"href":"https:\/\/enjoydriving.ro\/en\/wp-json\/wp\/v2\/product_tag?post=982"}],"curies":[{"name":"wp","href":"https:\/\/api.w.org\/{rel}","templated":true}]}}