{"id":985,"date":"2025-01-22T18:40:57","date_gmt":"2025-01-22T18:40:57","guid":{"rendered":"https:\/\/enjoydriving.ro\/?post_type=product&#038;p=985"},"modified":"2026-03-30T10:29:47","modified_gmt":"2026-03-30T10:29:47","slug":"curs-clasele-cds","status":"publish","type":"product","link":"https:\/\/enjoydriving.ro\/en\/product\/curs-clasele-cds\/","title":{"rendered":"Class C+D+S Course"},"content":{"rendered":"<p>This comprehensive course provides the necessary training for obtaining navigation certificates for Classes C, D, and S. Students will learn to operate motorized recreational boats on inland waterways and maritime areas, as well as maneuver sailing boats.<\/p>\n<p>The package includes both theoretical and practical training for all forms of navigation, making it ideal for those who wish to explore both inland and maritime waters, as well as enjoy the art of sailing.<\/p>\n<p>Pentru cursan\u021bii \u00eenscri\u0219i la Cursul de Naviga\u021bie Clasa S, <strong>cazarea pe velier este inclus\u0103 \u00een pre\u021bul cursului.<\/strong><\/p>\n<p><span style=\"color: #ce1126;\">For groups and customized offers, please contact us.<\/span><\/p>","protected":false},"excerpt":{"rendered":"<p>Acest curs complet ofer\u0103 preg\u0103tirea necesar\u0103 pentru ob\u021binerea certificatelor de naviga\u021bie Clasele C, D \u0219i S. Cursan\u021bii vor \u00eenv\u0103\u021ba s\u0103 conduc\u0103 ambarca\u021biuni de agrement cu motor pe c\u0103i navigabile interioare \u0219i \u00een zone maritime, dar \u0219i s\u0103 manevreze ambarca\u021biuni cu vele. Pachetul include preg\u0103tire teoretic\u0103 \u0219i practic\u0103 pentru toate formele de naviga\u021bie, fiind ideal pentru cei care doresc s\u0103 exploreze at\u00e2t apele interioare \u0219i maritime, c\u00e2t \u0219i bucuria naviga\u021biei cu vele. Pentru cursan\u021bii \u00eenscri\u0219i la Cursul de Naviga\u021bie Clasa S, cazarea pe velier este inclus\u0103 \u00een pre\u021bul cursului. Pentru grupuri \u0219i oferte personalizate, te rug\u0103m s\u0103 ne contactezi.<\/p>","protected":false},"featured_media":1177,"template":"","meta":{"_eb_attr":""},"product_cat":[34],"product_tag":[58],"class_list":{"0":"post-985","1":"product","2":"type-product","3":"status-publish","4":"has-post-thumbnail","6":"product_cat-cursuri-de-navigatie","7":"product_tag-clasele-cds","9":"first","10":"instock","11":"sale","12":"shipping-taxable","13":"purchasable","14":"product-type-variable"},"jetpack_sharing_enabled":true,"_links":{"self":[{"href":"https:\/\/enjoydriving.ro\/en\/wp-json\/wp\/v2\/product\/985","targetHints":{"allow":["GET"]}}],"collection":[{"href":"https:\/\/enjoydriving.ro\/en\/wp-json\/wp\/v2\/product"}],"about":[{"href":"https:\/\/enjoydriving.ro\/en\/wp-json\/wp\/v2\/types\/product"}],"version-history":[{"count":1,"href":"https:\/\/enjoydriving.ro\/en\/wp-json\/wp\/v2\/product\/985\/revisions"}],"predecessor-version":[{"id":3111,"href":"https:\/\/enjoydriving.ro\/en\/wp-json\/wp\/v2\/product\/985\/revisions\/3111"}],"wp:featuredmedia":[{"embeddable":true,"href":"https:\/\/enjoydriving.ro\/en\/wp-json\/wp\/v2\/media\/1177"}],"wp:attachment":[{"href":"https:\/\/enjoydriving.ro\/en\/wp-json\/wp\/v2\/media?parent=985"}],"wp:term":[{"taxonomy":"product_cat","embeddable":true,"href":"https:\/\/enjoydriving.ro\/en\/wp-json\/wp\/v2\/product_cat?post=985"},{"taxonomy":"product_tag","embeddable":true,"href":"https:\/\/enjoydriving.ro\/en\/wp-json\/wp\/v2\/product_tag?post=985"}],"curies":[{"name":"wp","href":"https:\/\/api.w.org\/{rel}","templated":true}]}}